{"id":16718,"date":"2021-10-12T16:27:24","date_gmt":"2021-10-12T13:27:24","guid":{"rendered":"https:\/\/alanyacleaning.com\/kontakt\/"},"modified":"2025-07-28T12:48:24","modified_gmt":"2025-07-28T09:48:24","slug":"kontakt","status":"publish","type":"page","link":"https:\/\/alanyacleaning.com\/no\/kontakt\/","title":{"rendered":"Kontakt"},"content":{"rendered":"\t\t<div data-elementor-type=\"wp-page\" data-elementor-id=\"16718\" class=\"elementor elementor-16718 elementor-4439\" data-elementor-post-type=\"page\">\n\t\t\t\t<div class=\"wd-negative-gap elementor-element elementor-element-cb322d0 e-flex e-con-boxed e-con e-parent\" data-id=\"cb322d0\" data-element_type=\"container\" data-e-type=\"container\">\n\t\t\t\t\t<div class=\"e-con-inner\">\n\t\t<div class=\"elementor-element elementor-element-1f0abe4 e-con-full e-flex e-con e-child\" data-id=\"1f0abe4\" data-element_type=\"container\" data-e-type=\"container\">\n\t\t\t\t<div class=\"elementor-element elementor-element-071523a wd-width-100 elementor-widget elementor-widget-wd_title\" data-id=\"071523a\" data-element_type=\"widget\" data-e-type=\"widget\" data-widget_type=\"wd_title.default\">\n\t\t\t\t<div class=\"elementor-widget-container\">\n\t\t\t\t\t\t\t<div class=\"title-wrapper wd-set-mb reset-last-child wd-title-color-default wd-title-style-default wd-title-size-default text-left\">\n\n\t\t\t\t\t\t\t\t\t\t\t<div class=\"title-subtitle subtitle-color-default subtitle-style-default wd-fontsize-xs\">\n\t\t\t\t\tINFORMASJONSSP\u00d8RSM\u00c5L\t\t\t\t<\/div>\n\t\t\t\n\t\t\t<div class=\"liner-continer\">\n\t\t\t\t<h4 class=\"woodmart-title-container title wd-fontsize-l\">Ofte stilte sp\u00f8rsm\u00e5l<\/h4> \n\t\t\t\t\t\t\t<\/div>\n\n\t\t\t\t\t<\/div>\n\t\t\t\t\t\t<\/div>\n\t\t\t\t<\/div>\n\t\t\t\t<div class=\"elementor-element elementor-element-2a7c1c6 elementor-widget elementor-widget-wd_accordion\" data-id=\"2a7c1c6\" data-element_type=\"widget\" data-e-type=\"widget\" data-widget_type=\"wd_accordion.default\">\n\t\t\t\t<div class=\"elementor-widget-container\">\n\t\t\t\t\t\n\t\t<div class=\"wd-accordion wd-style-default wd-titles-left wd-opener-pos-right wd-opener-style-arrow\" data-state=\"first\">\n\t\t\t\t\t\t\t\n\t\t\t\t<div class=\"wd-accordion-item\">\n\t\t\t\t\t<div class=\"wd-accordion-title wd-active\" data-accordion-index=\"0\">\n\t\t\t\t\t\t<div class=\"wd-accordion-title-text\">\n\t\t\t\t\t\t\t\t\t\t\t\t\t\t<span>\n\t\t\t\t\t\t\t\tHva inkluderer rengj\u00f8ringstjenestene til Alanya Cleaning?\t\t\t\t\t\t\t<\/span>\n\t\t\t\t\t\t<\/div>\n\t\t\t\t\t\t<span class=\"wd-accordion-opener\"><\/span>\n\t\t\t\t\t<\/div>\n\n\t\t\t\t\t<div class=\"wd-accordion-content wd-entry-content wd-active\" data-accordion-index=\"0\">\n\t\t\t\t\t\t\t\t\t\t\t\t\t\n\t\t\t\t\t\t\t<p>Rengj\u00f8ringstjenestene vi tilbyr som Alanya Cleaning inkluderer husrengj\u00f8ring, kontorrengj\u00f8ring, hotellrengj\u00f8ring, rengj\u00f8ring av leiligheter og trappeoppganger, rengj\u00f8ring etter bygging og akuttrengj\u00f8ringstjenester. Vi tilbyr hygienisk og grundig rengj\u00f8ring med v\u00e5rt profesjonelle team. <\/p>\n\t\t\t\t\t\t\t\t\t\t\t\t\t\t\t\t\t\t<\/div>\n\t\t\t\t<\/div>\n\t\t\t\t\t\t\t\n\t\t\t\t<div class=\"wd-accordion-item\">\n\t\t\t\t\t<div class=\"wd-accordion-title\" data-accordion-index=\"1\">\n\t\t\t\t\t\t<div class=\"wd-accordion-title-text\">\n\t\t\t\t\t\t\t\t\t\t\t\t\t\t<span>\n\t\t\t\t\t\t\t\tHvilke produkter bruker dere i renholdstjenestene deres?\t\t\t\t\t\t\t<\/span>\n\t\t\t\t\t\t<\/div>\n\t\t\t\t\t\t<span class=\"wd-accordion-opener\"><\/span>\n\t\t\t\t\t<\/div>\n\n\t\t\t\t\t<div class=\"wd-accordion-content wd-entry-content\" data-accordion-index=\"1\">\n\t\t\t\t\t\t\t\t\t\t\t\t\t\n\t\t\t\t\t\t\t<p>Vi er opptatt av kundenes helse og milj\u00f8et, og derfor bruker vi antibakterielle og milj\u00f8vennlige rengj\u00f8ringsprodukter. Vi kan ogs\u00e5 velge spesielle kjemikaliefrie eller \u00f8kologiske rengj\u00f8ringsmidler i henhold til dine \u00f8nsker. <\/p>\n\t\t\t\t\t\t\t\t\t\t\t\t\t\t\t\t\t\t<\/div>\n\t\t\t\t<\/div>\n\t\t\t\t\t\t\t\n\t\t\t\t<div class=\"wd-accordion-item\">\n\t\t\t\t\t<div class=\"wd-accordion-title\" data-accordion-index=\"2\">\n\t\t\t\t\t\t<div class=\"wd-accordion-title-text\">\n\t\t\t\t\t\t\t\t\t\t\t\t\t\t<span>\n\t\t\t\t\t\t\t\tHva b\u00f8r jeg tenke p\u00e5 f\u00f8r jeg bestiller time?\t\t\t\t\t\t\t<\/span>\n\t\t\t\t\t\t<\/div>\n\t\t\t\t\t\t<span class=\"wd-accordion-opener\"><\/span>\n\t\t\t\t\t<\/div>\n\n\t\t\t\t\t<div class=\"wd-accordion-content wd-entry-content\" data-accordion-index=\"2\">\n\t\t\t\t\t\t\t\t\t\t\t\t\t\n\t\t\t\t\t\t\t<p>F\u00f8r du bestiller en rengj\u00f8ringstime, m\u00e5 du bestemme hvor stort omr\u00e5de du \u00f8nsker \u00e5 f\u00e5 service p\u00e5, hvilke rengj\u00f8ringstjenester du trenger og hvilke spesielle \u00f8nsker du har. Du kan bestille time p\u00e5 nettet eller ringe oss. <\/p>\n\t\t\t\t\t\t\t\t\t\t\t\t\t\t\t\t\t\t<\/div>\n\t\t\t\t<\/div>\n\t\t\t\t\t\t\t\n\t\t\t\t<div class=\"wd-accordion-item\">\n\t\t\t\t\t<div class=\"wd-accordion-title\" data-accordion-index=\"3\">\n\t\t\t\t\t\t<div class=\"wd-accordion-title-text\">\n\t\t\t\t\t\t\t\t\t\t\t\t\t\t<span>\n\t\t\t\t\t\t\t\tI hvilke regioner er Alanya Cleaning rengj\u00f8ringstjenester gyldige?\t\t\t\t\t\t\t<\/span>\n\t\t\t\t\t\t<\/div>\n\t\t\t\t\t\t<span class=\"wd-accordion-opener\"><\/span>\n\t\t\t\t\t<\/div>\n\n\t\t\t\t\t<div class=\"wd-accordion-content wd-entry-content\" data-accordion-index=\"3\">\n\t\t\t\t\t\t\t\t\t\t\t\t\t\n\t\t\t\t\t\t\t<p>V\u00e5re rengj\u00f8ringstjenester tilbys i Alanya og omr\u00e5dene rundt. Du kan kontakte oss for \u00e5 f\u00e5 mer informasjon om v\u00e5rt dekningsomr\u00e5de og for \u00e5 sende dine spesielle serviceforesp\u00f8rsler. <\/p>\n\t\t\t\t\t\t\t\t\t\t\t\t\t\t\t\t\t\t<\/div>\n\t\t\t\t<\/div>\n\t\t\t\t\t<\/div>\n\t\t\t\t\t\t<\/div>\n\t\t\t\t<\/div>\n\t\t\t\t<\/div>\n\t\t<div class=\"elementor-element elementor-element-789122a e-con-full e-flex e-con e-child\" data-id=\"789122a\" data-element_type=\"container\" data-e-type=\"container\">\n\t\t\t\t<div class=\"elementor-element elementor-element-775ddc4 wd-width-100 elementor-widget elementor-widget-wd_title\" data-id=\"775ddc4\" data-element_type=\"widget\" data-e-type=\"widget\" data-widget_type=\"wd_title.default\">\n\t\t\t\t<div class=\"elementor-widget-container\">\n\t\t\t\t\t\t\t<div class=\"title-wrapper wd-set-mb reset-last-child wd-title-color-default wd-title-style-default wd-title-size-default text-left\">\n\n\t\t\t\t\t\t\t\t\t\t\t<div class=\"title-subtitle subtitle-color-default subtitle-style-default wd-fontsize-xs\">\n\t\t\t\t\tKONTAKT OSS HVIS DU HAR SP\u00d8RSM\u00c5L\t\t\t\t<\/div>\n\t\t\t\n\t\t\t<div class=\"liner-continer\">\n\t\t\t\t<h4 class=\"woodmart-title-container title wd-fontsize-l\">Kontakt<\/h4> \n\t\t\t\t\t\t\t<\/div>\n\n\t\t\t\t\t<\/div>\n\t\t\t\t\t\t<\/div>\n\t\t\t\t<\/div>\n\t\t\t\t<div class=\"elementor-element elementor-element-afb9dab elementor-widget elementor-widget-wpforms\" data-id=\"afb9dab\" data-element_type=\"widget\" data-e-type=\"widget\" data-widget_type=\"wpforms.default\">\n\t\t\t\t<div class=\"elementor-widget-container\">\n\t\t\t\t\t<style id=\"wpforms-css-vars-elementor-widget-afb9dab\">\n\t\t\t\t.elementor-widget-wpforms.elementor-element-afb9dab {\n\t\t\t\t--wpforms-field-size-input-height: 43px;\n--wpforms-field-size-input-spacing: 15px;\n--wpforms-field-size-font-size: 16px;\n--wpforms-field-size-line-height: 19px;\n--wpforms-field-size-padding-h: 14px;\n--wpforms-field-size-checkbox-size: 16px;\n--wpforms-field-size-sublabel-spacing: 5px;\n--wpforms-field-size-icon-size: 1;\n--wpforms-label-size-font-size: 16px;\n--wpforms-label-size-line-height: 19px;\n--wpforms-label-size-sublabel-font-size: 14px;\n--wpforms-label-size-sublabel-line-height: 17px;\n--wpforms-button-size-font-size: 17px;\n--wpforms-button-size-height: 41px;\n--wpforms-button-size-padding-h: 15px;\n--wpforms-button-size-margin-top: 10px;\n\n\t\t\t}\n\t\t\t<\/style><div class=\"wpforms-container wpforms-container-full wpforms-render-modern\" id=\"wpforms-16509\"><form id=\"wpforms-form-16509\" class=\"wpforms-validate wpforms-form wpforms-ajax-form\" data-formid=\"16509\" method=\"post\" enctype=\"multipart\/form-data\" action=\"\/no\/wp-json\/wp\/v2\/pages\/16718\" data-token=\"dc69c1d1901341e9dcedf3667c537e90\" data-token-time=\"1777919934\"><noscript class=\"wpforms-error-noscript\">Please enable JavaScript in your browser to complete this form.<\/noscript><div class=\"wpforms-hidden\" id=\"wpforms-error-noscript\">Please enable JavaScript in your browser to complete this form.<\/div><div class=\"wpforms-field-container\"><div id=\"wpforms-16509-field_1-container\" class=\"wpforms-field wpforms-field-name\" data-field-id=\"1\"><fieldset><legend class=\"wpforms-field-label wpforms-label-hide\" aria-hidden=\"false\">Ad\u0131 Soyad\u0131 <span class=\"wpforms-required-label\" aria-hidden=\"true\">*<\/span><\/legend><div class=\"wpforms-field-row wpforms-field-large\"><div class=\"wpforms-field-row-block wpforms-first wpforms-one-half\"><input type=\"text\" id=\"wpforms-16509-field_1\" class=\"wpforms-field-name-first wpforms-field-required\" name=\"wpforms[fields][1][first]\" placeholder=\"Ad\u0131n\u0131z\" aria-errormessage=\"wpforms-16509-field_1-error\" required><label for=\"wpforms-16509-field_1\" class=\"wpforms-field-sublabel after wpforms-sublabel-hide\">First<\/label><\/div><div class=\"wpforms-field-row-block wpforms-one-half\"><input type=\"text\" id=\"wpforms-16509-field_1-last\" class=\"wpforms-field-name-last wpforms-field-required\" name=\"wpforms[fields][1][last]\" placeholder=\"Soyad\u0131n\u0131z\" aria-errormessage=\"wpforms-16509-field_1-last-error\" required><label for=\"wpforms-16509-field_1-last\" class=\"wpforms-field-sublabel after wpforms-sublabel-hide\">Last<\/label><\/div><\/div><\/fieldset><\/div><div id=\"wpforms-16509-field_2-container\" class=\"wpforms-field wpforms-field-email\" data-field-id=\"2\"><label class=\"wpforms-field-label wpforms-label-hide\" for=\"wpforms-16509-field_2\" aria-hidden=\"false\">E-posta<\/label><input type=\"email\" id=\"wpforms-16509-field_2\" class=\"wpforms-field-large\" name=\"wpforms[fields][2]\" placeholder=\"example@mail.com\" spellcheck=\"false\" aria-errormessage=\"wpforms-16509-field_2-error\" ><\/div><div id=\"wpforms-16509-field_5-container\" class=\"wpforms-field wpforms-field-select wpforms-field-select-style-classic\" data-field-id=\"5\"><label class=\"wpforms-field-label wpforms-label-hide\" for=\"wpforms-16509-field_5\" aria-hidden=\"false\">A\u00e7\u0131l\u0131r Men\u00fc<\/label><select id=\"wpforms-16509-field_5\" class=\"wpforms-field-large\" name=\"wpforms[fields][5]\"><option value=\"Hizmet Se\u00e7in\" >Hizmet Se\u00e7in<\/option><option value=\"Ev Temizli\u011fi\" >Ev Temizli\u011fi<\/option><option value=\"Ofis Temizli\u011fi\" >Ofis Temizli\u011fi<\/option><option value=\"Bah\u00e7e Temizli\u011fi\" >Bah\u00e7e Temizli\u011fi<\/option><option value=\"Acil Temizlik\" >Acil Temizlik<\/option><option value=\"Andre tjenester\" >Andre tjenester<\/option><\/select><\/div><div id=\"wpforms-16509-field_4-container\" class=\"wpforms-field wpforms-field-phone\" data-field-id=\"4\"><label class=\"wpforms-field-label wpforms-label-hide\" for=\"wpforms-16509-field_4\" aria-hidden=\"false\">Telefon <span class=\"wpforms-required-label\" aria-hidden=\"true\">*<\/span><\/label><input type=\"tel\" id=\"wpforms-16509-field_4\" class=\"wpforms-field-large wpforms-field-required wpforms-smart-phone-field\" data-rule-smart-phone-field=\"true\" name=\"wpforms[fields][4]\" aria-label=\"Telefon\" aria-errormessage=\"wpforms-16509-field_4-error\" required><\/div><div id=\"wpforms-16509-field_3-container\" class=\"wpforms-field wpforms-field-textarea\" data-field-id=\"3\"><label class=\"wpforms-field-label wpforms-label-hide\" for=\"wpforms-16509-field_3\" aria-hidden=\"false\">Yorum veya Mesaj<\/label><textarea id=\"wpforms-16509-field_3\" class=\"wpforms-field-small\" name=\"wpforms[fields][3]\" placeholder=\"Yorum veya Mesaj\" aria-errormessage=\"wpforms-16509-field_3-error\" ><\/textarea><\/div><\/div><!-- .wpforms-field-container --><div class=\"wpforms-submit-container\" ><input type=\"hidden\" name=\"wpforms[id]\" value=\"16509\"><input type=\"hidden\" name=\"page_title\" value=\"\"><input type=\"hidden\" name=\"page_url\" value=\"https:\/\/alanyacleaning.com\/no\/wp-json\/wp\/v2\/pages\/16718\"><input type=\"hidden\" name=\"url_referer\" value=\"\"><button type=\"submit\" name=\"wpforms[submit]\" id=\"wpforms-submit-16509\" class=\"wpforms-submit\" data-alt-text=\"G\u00f6nderiliyor...\" data-submit-text=\"G\u00f6nder\" aria-live=\"assertive\" value=\"wpforms-submit\">G\u00f6nder<\/button><img decoding=\"async\" src=\"https:\/\/alanyacleaning.com\/wp-content\/plugins\/wpforms\/assets\/images\/submit-spin.svg\" class=\"wpforms-submit-spinner\" style=\"display: none;\" width=\"26\" height=\"26\" alt=\"Loading\" title=\"\"><\/div><\/form><\/div>  <!-- .wpforms-container -->\t\t\t\t<\/div>\n\t\t\t\t<\/div>\n\t\t\t\t<\/div>\n\t\t\t\t\t<\/div>\n\t\t\t\t<\/div>\n\t\t\t\t<\/div>\n\t\t","protected":false},"excerpt":{"rendered":"<p>INFORMASJONSSP\u00d8RSM\u00c5L Ofte stilte sp\u00f8rsm\u00e5l Hva inkluderer rengj\u00f8ringstjenestene til Alanya Cleaning? Rengj\u00f8ringstjenestene vi tilbyr som Alanya Cleaning inkluderer husrengj\u00f8ring, kontorrengj\u00f8ring, hotellrengj\u00f8ring,<\/p>\n","protected":false},"author":1,"featured_media":0,"parent":0,"menu_order":0,"comment_status":"closed","ping_status":"closed","template":"","meta":{"footnotes":""},"class_list":["post-16718","page","type-page","status-publish","hentry"],"_links":{"self":[{"href":"https:\/\/alanyacleaning.com\/no\/wp-json\/wp\/v2\/pages\/16718","targetHints":{"allow":["GET"]}}],"collection":[{"href":"https:\/\/alanyacleaning.com\/no\/wp-json\/wp\/v2\/pages"}],"about":[{"href":"https:\/\/alanyacleaning.com\/no\/wp-json\/wp\/v2\/types\/page"}],"author":[{"embeddable":true,"href":"https:\/\/alanyacleaning.com\/no\/wp-json\/wp\/v2\/users\/1"}],"replies":[{"embeddable":true,"href":"https:\/\/alanyacleaning.com\/no\/wp-json\/wp\/v2\/comments?post=16718"}],"version-history":[{"count":3,"href":"https:\/\/alanyacleaning.com\/no\/wp-json\/wp\/v2\/pages\/16718\/revisions"}],"predecessor-version":[{"id":16778,"href":"https:\/\/alanyacleaning.com\/no\/wp-json\/wp\/v2\/pages\/16718\/revisions\/16778"}],"wp:attachment":[{"href":"https:\/\/alanyacleaning.com\/no\/wp-json\/wp\/v2\/media?parent=16718"}],"curies":[{"name":"wp","href":"https:\/\/api.w.org\/{rel}","templated":true}]}}