{"id":16716,"date":"2021-10-12T15:51:09","date_gmt":"2021-10-12T12:51:09","guid":{"rendered":"https:\/\/alanyacleaning.com\/om-oss\/"},"modified":"2025-07-28T12:17:12","modified_gmt":"2025-07-28T09:17:12","slug":"om-oss","status":"publish","type":"page","link":"https:\/\/alanyacleaning.com\/no\/om-oss\/","title":{"rendered":"Om oss"},"content":{"rendered":"\t\t<div data-elementor-type=\"wp-page\" data-elementor-id=\"16716\" class=\"elementor elementor-16716 elementor-4400\" data-elementor-post-type=\"page\">\n\t\t\t\t<div class=\"wd-negative-gap elementor-element elementor-element-02ed812 e-flex e-con-boxed e-con e-parent\" data-id=\"02ed812\" data-element_type=\"container\" data-e-type=\"container\">\n\t\t\t\t\t<div class=\"e-con-inner\">\n\t\t\t\t<div class=\"elementor-element elementor-element-d66a211 wd-width-100 elementor-widget elementor-widget-wd_title\" data-id=\"d66a211\" data-element_type=\"widget\" data-e-type=\"widget\" data-widget_type=\"wd_title.default\">\n\t\t\t\t<div class=\"elementor-widget-container\">\n\t\t\t\t\t\t\t<div class=\"title-wrapper wd-set-mb reset-last-child wd-title-color-primary wd-title-style-default wd-title-size-large text-center\">\n\n\t\t\t\t\t\t\t\t\t\t\t<div class=\"title-subtitle subtitle-color-primary subtitle-style-default wd-fontsize-xs\">\n\t\t\t\t\tRengj\u00f8ring i Alanya\t\t\t\t<\/div>\n\t\t\t\n\t\t\t<div class=\"liner-continer\">\n\t\t\t\t<h4 class=\"woodmart-title-container title wd-fontsize-xxl\">Om oss<\/h4> \n\t\t\t\t\t\t\t<\/div>\n\n\t\t\t\t\t<\/div>\n\t\t\t\t\t\t<\/div>\n\t\t\t\t<\/div>\n\t\t\t\t<div class=\"elementor-element elementor-element-67e3b2c color-scheme-inherit text-left elementor-widget elementor-widget-text-editor\" data-id=\"67e3b2c\" data-element_type=\"widget\" data-e-type=\"widget\" data-widget_type=\"text-editor.default\">\n\t\t\t\t<div class=\"elementor-widget-container\">\n\t\t\t\t\t\t\t\t\t<p>Som Alanya Cleaning har vi som m\u00e5l \u00e5 tilby en kombinasjon av profesjonalitet, p\u00e5litelighet og kundetilfredshet n\u00e5r det gjelder rengj\u00f8ringstjenester. Siden vi ble etablert, har vi levert hygieniske og omhyggelige rengj\u00f8ringsl\u00f8sninger til privatpersoner og bedrifter som bor i Alanya og de omkringliggende nabolagene. Vi produserer spesiall\u00f8sninger for alle behov med v\u00e5rt brede utvalg av tjenester som 1+1, 2+1, 3+1 rengj\u00f8ring av hus, rengj\u00f8ring av tosidige hus, hotellrengj\u00f8ring, trappevask og akuttrengj\u00f8ring.  <\/p><p>V\u00e5rt erfarne og vennlige team jobber hardt for \u00e5 oppn\u00e5 raske og effektive resultater, selv i de mest utfordrende rengj\u00f8ringsjobbene. De milj\u00f8vennlige rengj\u00f8ringsproduktene vi bruker, gir overlegen rengj\u00f8ring samtidig som de beskytter helsen til b\u00e5de deg og dine n\u00e6rmeste. Vi tilbyr ikke bare et rent hjem, vi bringer ogs\u00e5 orden og komfort inn i livet ditt.  <\/p><p>For oss er kundetilfredshet en prioritet. Av denne grunn tilpasser vi hver av v\u00e5re tjenester for \u00e5 gi deg den beste opplevelsen. Vi fortsetter v\u00e5re rengj\u00f8ringstjenester i Tosmur, Oba, Mahmutlar, Konakli, Avsallar, Cikcilli, \u00c7\u0131plakl\u0131 og alle nabolag i Alanya og n\u00e5r raskt frem til deg. Ved \u00e5 fullf\u00f8re v\u00e5re tjenester i tide og fullstendig, lar vi deg bare nyte rengj\u00f8ringen.   <\/p><p>V\u00e5r visjon er \u00e5 v\u00e6re det ledende selskapet i Alanyas rengj\u00f8ringssektor og \u00e5 etablere varige relasjoner ved \u00e5 oppn\u00e5 tillit hos alle v\u00e5re kunder. V\u00e5r misjon er \u00e5 gj\u00f8re livet ditt enklere med raske og effektive rengj\u00f8ringstjenester som tar vare p\u00e5 hver eneste detalj. <\/p><p>Hvis du dr\u00f8mmer om et rent og ryddig milj\u00f8 i hjemmet, p\u00e5 arbeidsplassen eller p\u00e5 hotellet, er vi alltid med deg som Alanya Cleaning. Vi hjelper deg gjerne med spesiall\u00f8sninger for dine behov s\u00e5 snart du kontakter oss. <\/p>\t\t\t\t\t\t\t\t<\/div>\n\t\t\t\t<\/div>\n\t\t\t\t\t<\/div>\n\t\t\t\t<\/div>\n\t\t<div class=\"wd-negative-gap elementor-element elementor-element-0aaf669 wd-section-stretch e-flex e-con-boxed e-con e-parent\" data-id=\"0aaf669\" data-element_type=\"container\" data-e-type=\"container\" data-settings=\"{&quot;background_background&quot;:&quot;classic&quot;}\">\n\t\t\t\t\t<div class=\"e-con-inner\">\n\t\t<div class=\"elementor-element elementor-element-49529c7 color-scheme-light e-con-full e-flex e-con e-child\" data-id=\"49529c7\" data-element_type=\"container\" data-e-type=\"container\">\n\t\t\t\t<div class=\"elementor-element elementor-element-95c7bfa wd-width-100 elementor-widget elementor-widget-wd_title\" data-id=\"95c7bfa\" data-element_type=\"widget\" data-e-type=\"widget\" data-widget_type=\"wd_title.default\">\n\t\t\t\t<div class=\"elementor-widget-container\">\n\t\t\t\t\t\t\t<div class=\"title-wrapper wd-set-mb reset-last-child wd-title-color-primary wd-title-style-default wd-title-size-large text-left\">\n\n\t\t\t\t\t\t\t\t\t\t\t<div class=\"title-subtitle subtitle-color-primary subtitle-style-default wd-fontsize-xs\">\n\t\t\t\t\tVi har betjent deg siden 2015\t\t\t\t<\/div>\n\t\t\t\n\t\t\t<div class=\"liner-continer\">\n\t\t\t\t<h4 class=\"woodmart-title-container title wd-fontsize-xxl\">Alanya Cleaning \u00f8nsker alltid kvalitet<\/h4> \n\t\t\t\t\t\t\t<\/div>\n\n\t\t\t\t\t<\/div>\n\t\t\t\t\t\t<\/div>\n\t\t\t\t<\/div>\n\t\t\t\t<div class=\"elementor-element elementor-element-d714b41 elementor-widget elementor-widget-wd_button\" data-id=\"d714b41\" data-element_type=\"widget\" data-e-type=\"widget\" data-widget_type=\"wd_button.default\">\n\t\t\t\t<div class=\"elementor-widget-container\">\n\t\t\t\t\t\t\t<div class=\"wd-button-wrapper text-left\" >\n\t\t\t<a class=\"btn btn-style-link btn-shape- btn-size-default btn-color-white btn-icon-pos-right\"  href=\"#\">\n\t\t\t\t<span class=\"wd-btn-text\" data-elementor-setting-key=\"text\">\n\t\t\t\t\tKontakt oss\t\t\t\t<\/span>\n\n\t\t\t\t\t\t\t<\/a>\n\t\t<\/div>\n\t\t\t\t\t\t<\/div>\n\t\t\t\t<\/div>\n\t\t\t\t<\/div>\n\t\t<div class=\"elementor-element elementor-element-112f98a e-con-full e-flex e-con e-child\" data-id=\"112f98a\" data-element_type=\"container\" data-e-type=\"container\">\n\t\t<div class=\"elementor-element elementor-element-48c7dd1 e-con-full e-flex e-con e-child\" data-id=\"48c7dd1\" data-element_type=\"container\" data-e-type=\"container\">\n\t\t<div class=\"elementor-element elementor-element-54eb2d3 e-con-full e-flex e-con e-child\" data-id=\"54eb2d3\" data-element_type=\"container\" data-e-type=\"container\">\n\t\t\t\t<div class=\"elementor-element elementor-element-14ff076 elementor-widget elementor-widget-wd_counter\" data-id=\"14ff076\" data-element_type=\"widget\" data-e-type=\"widget\" data-widget_type=\"wd_counter.default\">\n\t\t\t\t<div class=\"elementor-widget-container\">\n\t\t\t\t\t\t\t<div class=\"woodmart-counter counter-large text-center color-scheme-light\">\n\t\t\t<div class=\"counter-value\" data-state=\"new\" data-final=\"2015\">\n\t\t\t\t0\t\t\t<\/div>\n\n\t\t\t\t\t\t\t<div class=\"counter-label\">\n\t\t\t\t\tETABLERINGS\u00c5R\t\t\t\t<\/div>\n\t\t\t\t\t<\/div>\n\t\t\t\t\t\t<\/div>\n\t\t\t\t<\/div>\n\t\t\t\t<\/div>\n\t\t<div class=\"elementor-element elementor-element-668ca24 e-con-full e-flex e-con e-child\" data-id=\"668ca24\" data-element_type=\"container\" data-e-type=\"container\">\n\t\t\t\t<div class=\"elementor-element elementor-element-da35035 elementor-widget elementor-widget-wd_counter\" data-id=\"da35035\" data-element_type=\"widget\" data-e-type=\"widget\" data-widget_type=\"wd_counter.default\">\n\t\t\t\t<div class=\"elementor-widget-container\">\n\t\t\t\t\t\t\t<div class=\"woodmart-counter counter-large text-center color-scheme-light\">\n\t\t\t<div class=\"counter-value\" data-state=\"new\" data-final=\"2000\">\n\t\t\t\t0\t\t\t<\/div>\n\n\t\t\t\t\t\t\t<div class=\"counter-label\">\n\t\t\t\t\tForn\u00f8yde kunder\t\t\t\t<\/div>\n\t\t\t\t\t<\/div>\n\t\t\t\t\t\t<\/div>\n\t\t\t\t<\/div>\n\t\t\t\t<\/div>\n\t\t\t\t<\/div>\n\t\t<div class=\"elementor-element elementor-element-6b5c35a e-con-full e-flex e-con e-child\" data-id=\"6b5c35a\" data-element_type=\"container\" data-e-type=\"container\">\n\t\t<div class=\"elementor-element elementor-element-214e692 e-con-full e-flex e-con e-child\" data-id=\"214e692\" data-element_type=\"container\" data-e-type=\"container\">\n\t\t\t\t<div class=\"elementor-element elementor-element-168ddab elementor-widget elementor-widget-wd_counter\" data-id=\"168ddab\" data-element_type=\"widget\" data-e-type=\"widget\" data-widget_type=\"wd_counter.default\">\n\t\t\t\t<div class=\"elementor-widget-container\">\n\t\t\t\t\t\t\t<div class=\"woodmart-counter counter-large text-center color-scheme-light\">\n\t\t\t<div class=\"counter-value\" data-state=\"new\" data-final=\"15\">\n\t\t\t\t0\t\t\t<\/div>\n\n\t\t\t\t\t\t\t<div class=\"counter-label\">\n\t\t\t\t\tV\u00e5re ansatte\t\t\t\t<\/div>\n\t\t\t\t\t<\/div>\n\t\t\t\t\t\t<\/div>\n\t\t\t\t<\/div>\n\t\t\t\t<\/div>\n\t\t<div class=\"elementor-element elementor-element-214de82 e-con-full e-flex e-con e-child\" data-id=\"214de82\" data-element_type=\"container\" data-e-type=\"container\">\n\t\t\t\t<div class=\"elementor-element elementor-element-3444280 elementor-widget elementor-widget-wd_counter\" data-id=\"3444280\" data-element_type=\"widget\" data-e-type=\"widget\" data-widget_type=\"wd_counter.default\">\n\t\t\t\t<div class=\"elementor-widget-container\">\n\t\t\t\t\t\t\t<div class=\"woodmart-counter counter-large text-center color-scheme-light\">\n\t\t\t<div class=\"counter-value\" data-state=\"new\" data-final=\"1\">\n\t\t\t\t0\t\t\t<\/div>\n\n\t\t\t\t\t\t\t<div class=\"counter-label\">\n\t\t\t\t\tKontor\t\t\t\t<\/div>\n\t\t\t\t\t<\/div>\n\t\t\t\t\t\t<\/div>\n\t\t\t\t<\/div>\n\t\t\t\t<\/div>\n\t\t\t\t<\/div>\n\t\t\t\t<\/div>\n\t\t\t\t\t<\/div>\n\t\t\t\t<\/div>\n\t\t<div class=\"wd-negative-gap elementor-element elementor-element-916fc6b e-flex e-con-boxed e-con e-parent\" data-id=\"916fc6b\" data-element_type=\"container\" data-e-type=\"container\">\n\t\t\t\t\t<div class=\"e-con-inner\">\n\t\t\t\t<div class=\"elementor-element elementor-element-f0fef58 wd-width-100 elementor-widget elementor-widget-wd_title\" data-id=\"f0fef58\" data-element_type=\"widget\" data-e-type=\"widget\" data-widget_type=\"wd_title.default\">\n\t\t\t\t<div class=\"elementor-widget-container\">\n\t\t\t\t\t\t\t<div class=\"title-wrapper wd-set-mb reset-last-child wd-title-color-primary wd-title-style-default wd-title-size-large text-center\">\n\n\t\t\t\t\t\t\t\t\t\t\t<div class=\"title-subtitle subtitle-color-primary subtitle-style-default wd-fontsize-xs\">\n\t\t\t\t\tInnlegg om rengj\u00f8ring\t\t\t\t<\/div>\n\t\t\t\n\t\t\t<div class=\"liner-continer\">\n\t\t\t\t<h4 class=\"woodmart-title-container title wd-fontsize-xxl\">Siste innlegg<\/h4> \n\t\t\t\t\t\t\t<\/div>\n\n\t\t\t\t\t<\/div>\n\t\t\t\t\t\t<\/div>\n\t\t\t\t<\/div>\n\t\t\t\t<div class=\"elementor-element elementor-element-a89b256 wd-width-100 elementor-widget elementor-widget-wd_blog\" data-id=\"a89b256\" data-element_type=\"widget\" data-e-type=\"widget\" data-widget_type=\"wd_blog.default\">\n\t\t\t\t<div class=\"elementor-widget-container\">\n\t\t\t\t\t\t\t\t<div id=\"carousel-759\" class=\"wd-carousel-container  wd-posts wd-blog-element\">\n\t\t\t\t\n\t\t\t\t\n\t\t\t\t<div class=\"wd-carousel-inner\">\n\t\t\t\t\t<div class=\" wd-carousel wd-grid\" data-scroll_per_page=\"yes\" style=\"--wd-col-lg:3;--wd-col-md:3;--wd-col-sm:1;--wd-gap-lg:20px;--wd-gap-sm:10px;\">\n\t\t\t\t\t\t<div class=\"wd-carousel-wrap\">\n\t\t\t\t\t\t\t\t\t<div class=\"wd-carousel-item\">\n\t\t\t\t\t\t\t\n<article id=\"post-16706\" class=\"wd-post blog-design-masonry blog-post-loop blog-style-bg wd-add-shadow post-16706 post type-post status-publish format-standard has-post-thumbnail hentry category-uncategorized-no\">\n\t<div class=\"article-inner\">\n\t\t<header class=\"entry-header\">\n\t\t\t\t\t\t\t<figure class=\"entry-thumbnail\">\n\t\t\t\t\t\t\t\t\t\t\t<div class=\"post-img-wrapp\">\n\t\t\t\t\t\t\t<a href=\"https:\/\/alanyacleaning.com\/no\/2025-gjeldende-priser-for-rengjoring-av-hus-i-alanya\/\">\n\t\t\t\t\t\t\t\t<img fetchpriority=\"high\" decoding=\"async\" width=\"1200\" height=\"800\" src=\"https:\/\/alanyacleaning.com\/wp-content\/uploads\/2025\/07\/ev-esyalari.jpg\" class=\"attachment-large size-large\" alt=\"Alanya husrengj\u00f8ring 2026\" srcset=\"https:\/\/alanyacleaning.com\/wp-content\/uploads\/2025\/07\/ev-esyalari.jpg 1200w, https:\/\/alanyacleaning.com\/wp-content\/uploads\/2025\/07\/ev-esyalari-400x267.jpg 400w, https:\/\/alanyacleaning.com\/wp-content\/uploads\/2025\/07\/ev-esyalari-768x512.jpg 768w\" sizes=\"(max-width: 1200px) 100vw, 1200px\" title=\"\">\t\t\t\t\t\t\t<\/a>\n\t\t\t\t\t\t<\/div>\n\t\t\t\t\t\t\t\t\t\t<div class=\"post-image-mask\">\n\t\t\t\t\t\t<span><\/span>\n\t\t\t\t\t<\/div>\n\t\t\t\t<\/figure>\n\t\t\t\n\t\t\t\t\t\t<div class=\"wd-post-date wd-style-with-bg\">\n\t\t\t\t<span class=\"post-date-day\">\n\t\t\t\t\t01\t\t\t\t<\/span>\n\t\t\t\t<span class=\"post-date-month\">\n\t\t\t\t\tjul\t\t\t\t<\/span>\n\t\t\t<\/div>\n\t\t\t\t<\/header>\n\n\t\t<div class=\"article-body-container\">\n\t\t\t\n\t\t\t\t\t\t\t<h3 class=\"wd-entities-title title post-title\">\n\t\t\t\t\t<a href=\"https:\/\/alanyacleaning.com\/no\/2025-gjeldende-priser-for-rengjoring-av-hus-i-alanya\/\" rel=\"bookmark\">\n\t\t\t\t\t\t2026 Gjeldende priser for rengj\u00f8ring av hus i Alanya\t\t\t\t\t<\/a>\n\t\t\t\t<\/h3>\n\t\t\t\n\t\t\t\n\t\t\t\t\t\t\t<div class=\"entry-content wd-post-desc\">\n\t\t\t\t\tHvordan fastsettes prisene p\u00e5 husrengj\u00f8ring i Alanya?\n\nPrisene p\u00e5 husrengj\u00f8ring i Alanya varierer avhengig av mange forskjellige faktor...\t\t\t\t<\/div>\n\t\t\t\n\t\t\t\t\t\t\t\t\t\t\t\t<p class=\"read-more-section\">\n\t\t\t\t\t\t<a class=\"btn-read-more more-link\" href=\"https:\/\/alanyacleaning.com\/no\/2025-gjeldende-priser-for-rengjoring-av-hus-i-alanya\/\">Continue reading<\/a>\t\t\t\t\t<\/p>\n\t\t\t\t\t\t\t\t\t<\/div>\n\t<\/div>\n<\/article>\n\n\t\t\t\t\t<\/div>\n\t\t\t\t<div class=\"wd-carousel-item\">\n\t\t\t\t\t\t\t\n<article id=\"post-16710\" class=\"wd-post blog-design-masonry blog-post-loop blog-style-bg wd-add-shadow post-16710 post type-post status-publish format-standard has-post-thumbnail hentry category-uncategorized-no\">\n\t<div class=\"article-inner\">\n\t\t<header class=\"entry-header\">\n\t\t\t\t\t\t\t<figure class=\"entry-thumbnail\">\n\t\t\t\t\t\t\t\t\t\t\t<div class=\"post-img-wrapp\">\n\t\t\t\t\t\t\t<a href=\"https:\/\/alanyacleaning.com\/no\/alanya-husrengjoring-priser-2025\/\">\n\t\t\t\t\t\t\t\t<img decoding=\"async\" width=\"1200\" height=\"800\" src=\"https:\/\/alanyacleaning.com\/wp-content\/uploads\/2025\/02\/alanya-ev-temizligi.png\" class=\"attachment-large size-large\" alt=\"Priser for rengj\u00f8ring av hus i Alanya 2026\" srcset=\"https:\/\/alanyacleaning.com\/wp-content\/uploads\/2025\/02\/alanya-ev-temizligi.png 1200w, https:\/\/alanyacleaning.com\/wp-content\/uploads\/2025\/02\/alanya-ev-temizligi-400x267.png 400w, https:\/\/alanyacleaning.com\/wp-content\/uploads\/2025\/02\/alanya-ev-temizligi-768x512.png 768w\" sizes=\"(max-width: 1200px) 100vw, 1200px\" title=\"\">\t\t\t\t\t\t\t<\/a>\n\t\t\t\t\t\t<\/div>\n\t\t\t\t\t\t\t\t\t\t<div class=\"post-image-mask\">\n\t\t\t\t\t\t<span><\/span>\n\t\t\t\t\t<\/div>\n\t\t\t\t<\/figure>\n\t\t\t\n\t\t\t\t\t\t<div class=\"wd-post-date wd-style-with-bg\">\n\t\t\t\t<span class=\"post-date-day\">\n\t\t\t\t\t25\t\t\t\t<\/span>\n\t\t\t\t<span class=\"post-date-month\">\n\t\t\t\t\tfeb\t\t\t\t<\/span>\n\t\t\t<\/div>\n\t\t\t\t<\/header>\n\n\t\t<div class=\"article-body-container\">\n\t\t\t\n\t\t\t\t\t\t\t<h3 class=\"wd-entities-title title post-title\">\n\t\t\t\t\t<a href=\"https:\/\/alanyacleaning.com\/no\/alanya-husrengjoring-priser-2025\/\" rel=\"bookmark\">\n\t\t\t\t\t\tPriser for rengj\u00f8ring av hus i Alanya 2026\t\t\t\t\t<\/a>\n\t\t\t\t<\/h3>\n\t\t\t\n\t\t\t\n\t\t\t\t\t\t\t<div class=\"entry-content wd-post-desc\">\n\t\t\t\t\tHushjelp i Alanya; Alanya er en popul\u00e6r kystby som hvert \u00e5r tar imot tusenvis av lokale og utenlandske turister, og er ogs\u00e5 en region m...\t\t\t\t<\/div>\n\t\t\t\n\t\t\t\t\t\t\t\t\t\t\t\t<p class=\"read-more-section\">\n\t\t\t\t\t\t<a class=\"btn-read-more more-link\" href=\"https:\/\/alanyacleaning.com\/no\/alanya-husrengjoring-priser-2025\/\">Continue reading<\/a>\t\t\t\t\t<\/p>\n\t\t\t\t\t\t\t\t\t<\/div>\n\t<\/div>\n<\/article>\n\n\t\t\t\t\t<\/div>\n\t\t\t\t\t\t\t\t<\/div>\n\t\t\t\t\t<\/div>\n\n\t\t\t\t\t\t\t<div class=\"wd-nav-arrows wd-pos-sep wd-hover-1 wd-icon-1\">\n\t\t\t<div class=\"wd-btn-arrow wd-prev wd-disabled\">\n\t\t\t\t<div class=\"wd-arrow-inner\"><\/div>\n\t\t\t<\/div>\n\t\t\t<div class=\"wd-btn-arrow wd-next\">\n\t\t\t\t<div class=\"wd-arrow-inner\"><\/div>\n\t\t\t<\/div>\n\t\t<\/div>\n\t\t\t\t\t\t<\/div>\n\n\t\t\t\t\t\t<div class=\"wd-nav-pagin-wrap text-center wd-style-shape wd-hide-md-sm wd-hide-sm\">\n\t\t\t<ul class=\"wd-nav-pagin\"><\/ul>\n\t\t<\/div>\n\t\t\t\t\t\t\t\t\t<\/div>\n\t\t\t\t\t\t\t<\/div>\n\t\t\t\t<\/div>\n\t\t\t\t\t<\/div>\n\t\t\t\t<\/div>\n\t\t\t\t<\/div>\n\t\t","protected":false},"excerpt":{"rendered":"<p>Rengj\u00f8ring i Alanya Om oss Som Alanya Cleaning har vi som m\u00e5l \u00e5 tilby en kombinasjon av profesjonalitet, p\u00e5litelighet og<\/p>\n","protected":false},"author":1,"featured_media":0,"parent":0,"menu_order":0,"comment_status":"closed","ping_status":"closed","template":"","meta":{"footnotes":""},"class_list":["post-16716","page","type-page","status-publish","hentry"],"_links":{"self":[{"href":"https:\/\/alanyacleaning.com\/no\/wp-json\/wp\/v2\/pages\/16716","targetHints":{"allow":["GET"]}}],"collection":[{"href":"https:\/\/alanyacleaning.com\/no\/wp-json\/wp\/v2\/pages"}],"about":[{"href":"https:\/\/alanyacleaning.com\/no\/wp-json\/wp\/v2\/types\/page"}],"author":[{"embeddable":true,"href":"https:\/\/alanyacleaning.com\/no\/wp-json\/wp\/v2\/users\/1"}],"replies":[{"embeddable":true,"href":"https:\/\/alanyacleaning.com\/no\/wp-json\/wp\/v2\/comments?post=16716"}],"version-history":[{"count":1,"href":"https:\/\/alanyacleaning.com\/no\/wp-json\/wp\/v2\/pages\/16716\/revisions"}],"predecessor-version":[{"id":16717,"href":"https:\/\/alanyacleaning.com\/no\/wp-json\/wp\/v2\/pages\/16716\/revisions\/16717"}],"wp:attachment":[{"href":"https:\/\/alanyacleaning.com\/no\/wp-json\/wp\/v2\/media?parent=16716"}],"curies":[{"name":"wp","href":"https:\/\/api.w.org\/{rel}","templated":true}]}}