{"id":16714,"date":"2025-02-05T21:06:00","date_gmt":"2025-02-05T18:06:00","guid":{"rendered":"https:\/\/alanyacleaning.com\/retningslinjer-for-personvern\/"},"modified":"2025-07-28T12:16:19","modified_gmt":"2025-07-28T09:16:19","slug":"retningslinjer-for-personvern","status":"publish","type":"page","link":"https:\/\/alanyacleaning.com\/no\/retningslinjer-for-personvern\/","title":{"rendered":"Retningslinjer for personvern"},"content":{"rendered":"\n<p><strong>Retningslinjer for personvern<\/strong><\/p>\n\n<p><strong>1. Generell informasjon<\/strong><br\/>Som Alanya Cleaning Cleaning legger vi stor vekt p\u00e5 personvernet til v\u00e5re brukere som bes\u00f8ker nettstedet v\u00e5rt. Denne personvernerkl\u00e6ringen forklarer hvordan personopplysninger som samles inn via nettstedet v\u00e5rt, behandles, lagres og beskyttes. Ved \u00e5 bruke nettstedet v\u00e5rt godtar du denne personvernerkl\u00e6ringen.  <\/p>\n\n<p><strong>2. opplysninger<\/strong> som samles inn Vi kan samle inn f\u00f8lgende personopplysninger via nettstedet v\u00e5rt<br\/>:<\/p>\n\n<ul class=\"wp-block-list\">\n<li>Navn og etternavn<\/li>\n\n\n\n<li>Telefonnummer<\/li>\n\n\n\n<li>E-postadresse<\/li>\n<\/ul>\n\n<p>Denne informasjonen samles inn for \u00e5 kommunisere med kundene v\u00e5re, behandle serviceforesp\u00f8rsler og sikre kundetilfredshet.<\/p>\n\n<p><strong>3. bruk av personopplysninger<\/strong><br\/>Personopplysningene som samles inn, brukes til f\u00f8lgende form\u00e5l:<\/p>\n\n<ul class=\"wp-block-list\">\n<li>Behandle kundeforesp\u00f8rsler og yte service<\/li>\n\n\n\n<li>Gjennomf\u00f8ring av avtale- og reservasjonsprosedyrer<\/li>\n\n\n\n<li>Direkte kommunikasjon med brukeren<\/li>\n\n\n\n<li>Forbedre kvaliteten p\u00e5 tjenestene v\u00e5re<\/li>\n<\/ul>\n\n<p><strong>4. beskyttelse av personopplysninger<\/strong><br\/>Personopplysningene dine er beskyttet mot uautorisert tilgang, endring, utlevering eller \u00f8deleggelse. Innenfor rammen av sikkerhetstiltakene gj\u00f8res opplysningene dine kun tilgjengelige for autorisert personell. <\/p>\n\n<p><strong>5. Deling av personopplysninger med tredjeparter<\/strong><br\/>Alanya Cleaning Cleaning deler ikke brukernes personopplysninger med tredjeparter. De kan imidlertid deles med offentlige myndigheter innenfor rammen av lovp\u00e5lagte forpliktelser. <\/p>\n\n<p><strong>6. Informasjonskapsler<\/strong><br\/>Nettstedet v\u00e5rt kan bruke informasjonskapsler for \u00e5 forbedre brukeropplevelsen. Informasjonskapsler brukes til \u00e5 huske brukerpreferanser og forbedre nettstedets ytelse. Du kan endre innstillingene for informasjonskapsler i nettleseren din eller blokkere informasjonskapsler.  <\/p>\n\n<p><strong>7. Brukerrettigheter<\/strong><br\/>Brukere har rett til \u00e5 f\u00e5 tilgang til, korrigere, slette og protestere mot behandlingen av personopplysningene sine. Du kan kontakte oss for \u00e5 ut\u00f8ve noen av disse rettighetene. <\/p>\n\n<p><strong>8. Kontaktinformasjon<\/strong><br\/>Du kan bruke kontaktinformasjonen nedenfor hvis du har sp\u00f8rsm\u00e5l eller foresp\u00f8rsler om personvernreglene v\u00e5re:<\/p>\n\n<p><strong>Alanya Rengj\u00f8ring Rengj\u00f8ring<\/strong><br\/>E-post: [info@alanyacleaning.com]<br\/>Telefon: [+(90) 553 503 90 70]<br\/>Adresse: [Alanya]<\/p>\n\n<p>Denne personvernerkl\u00e6ringen kan oppdateres, og endringer trer i kraft n\u00e5r de legges ut p\u00e5 nettstedet v\u00e5rt.<\/p>\n","protected":false},"excerpt":{"rendered":"<p>Retningslinjer for personvern 1. Generell informasjonSom Alanya Cleaning Cleaning legger vi stor vekt p\u00e5 personvernet til v\u00e5re brukere som bes\u00f8ker<\/p>\n","protected":false},"author":1,"featured_media":0,"parent":0,"menu_order":0,"comment_status":"closed","ping_status":"open","template":"","meta":{"footnotes":""},"class_list":["post-16714","page","type-page","status-publish","hentry"],"_links":{"self":[{"href":"https:\/\/alanyacleaning.com\/no\/wp-json\/wp\/v2\/pages\/16714","targetHints":{"allow":["GET"]}}],"collection":[{"href":"https:\/\/alanyacleaning.com\/no\/wp-json\/wp\/v2\/pages"}],"about":[{"href":"https:\/\/alanyacleaning.com\/no\/wp-json\/wp\/v2\/types\/page"}],"author":[{"embeddable":true,"href":"https:\/\/alanyacleaning.com\/no\/wp-json\/wp\/v2\/users\/1"}],"replies":[{"embeddable":true,"href":"https:\/\/alanyacleaning.com\/no\/wp-json\/wp\/v2\/comments?post=16714"}],"version-history":[{"count":1,"href":"https:\/\/alanyacleaning.com\/no\/wp-json\/wp\/v2\/pages\/16714\/revisions"}],"predecessor-version":[{"id":16715,"href":"https:\/\/alanyacleaning.com\/no\/wp-json\/wp\/v2\/pages\/16714\/revisions\/16715"}],"wp:attachment":[{"href":"https:\/\/alanyacleaning.com\/no\/wp-json\/wp\/v2\/media?parent=16714"}],"curies":[{"name":"wp","href":"https:\/\/api.w.org\/{rel}","templated":true}]}}