{"id":17480,"date":"2021-10-12T15:51:09","date_gmt":"2021-10-12T12:51:09","guid":{"rendered":"https:\/\/alanyacleaning.com\/meista\/"},"modified":"2025-12-24T16:11:57","modified_gmt":"2025-12-24T13:11:57","slug":"meista","status":"publish","type":"page","link":"https:\/\/alanyacleaning.com\/fi\/meista\/","title":{"rendered":"Meist\u00e4"},"content":{"rendered":"\t\t<div data-elementor-type=\"wp-page\" data-elementor-id=\"17480\" class=\"elementor elementor-17480 elementor-4400\" data-elementor-post-type=\"page\">\n\t\t\t\t<div class=\"wd-negative-gap elementor-element elementor-element-02ed812 e-flex e-con-boxed e-con e-parent\" data-id=\"02ed812\" data-element_type=\"container\" data-e-type=\"container\">\n\t\t\t\t\t<div class=\"e-con-inner\">\n\t\t\t\t<div class=\"elementor-element elementor-element-d66a211 wd-width-100 elementor-widget elementor-widget-wd_title\" data-id=\"d66a211\" data-element_type=\"widget\" data-e-type=\"widget\" data-widget_type=\"wd_title.default\">\n\t\t\t\t<div class=\"elementor-widget-container\">\n\t\t\t\t\t\t\t<div class=\"title-wrapper wd-set-mb reset-last-child wd-title-color-primary wd-title-style-default wd-title-size-large text-center\">\n\n\t\t\t\t\t\t\t\t\t\t\t<div class=\"title-subtitle subtitle-color-primary subtitle-style-default wd-fontsize-xs\">\n\t\t\t\t\tAlanyan siivous\t\t\t\t<\/div>\n\t\t\t\n\t\t\t<div class=\"liner-continer\">\n\t\t\t\t<h4 class=\"woodmart-title-container title wd-fontsize-xxl\">Meist\u00e4<\/h4> \n\t\t\t\t\t\t\t<\/div>\n\n\t\t\t\t\t<\/div>\n\t\t\t\t\t\t<\/div>\n\t\t\t\t<\/div>\n\t\t\t\t<div class=\"elementor-element elementor-element-67e3b2c color-scheme-inherit text-left elementor-widget elementor-widget-text-editor\" data-id=\"67e3b2c\" data-element_type=\"widget\" data-e-type=\"widget\" data-widget_type=\"text-editor.default\">\n\t\t\t\t<div class=\"elementor-widget-container\">\n\t\t\t\t\t\t\t\t\t<p>Alanya Cleaning -yrityksen\u00e4 tavoitteenamme on yhdist\u00e4\u00e4 ammattitaito, luotettavuus ja asiakastyytyv\u00e4isyys siivouspalveluihimme. Perustamisestamme l\u00e4htien olemme tarjonneet hygieenisi\u00e4 ja huolellisia siivousratkaisuja yksityishenkil\u00f6ille ja yrityksille Alanyassa ja sen l\u00e4hialueilla. Laajan palveluvalikoimamme avulla, joka sis\u00e4lt\u00e4\u00e4 1+1-, 2+1- ja 3+1-asuntojen siivouksen, kaksikerroksisten asuntojen siivouksen, hotellien siivouksen, portaikkojen siivouksen ja h\u00e4t\u00e4siivouspalvelut, tuotamme r\u00e4\u00e4t\u00e4l\u00f6ityj\u00e4 ratkaisuja kaikkiin tarpeisiin.  <\/p><p>Kokenut ja yst\u00e4v\u00e4llinen tiimimme ty\u00f6skentelee ahkerasti saavuttaakseen nopeita ja tehokkaita tuloksia, jopa haastavimmissa siivousteht\u00e4viss\u00e4. K\u00e4ytt\u00e4m\u00e4mme ymp\u00e4rist\u00f6yst\u00e4v\u00e4lliset siivoustuotteet tarjoavat erinomaisen puhdistustuloksen ja suojaavat samalla sek\u00e4 sinun ett\u00e4 l\u00e4heistesi terveytt\u00e4. Emme tarjoa vain puhdasta elinymp\u00e4rist\u00f6\u00e4, vaan tuomme my\u00f6s j\u00e4rjestyst\u00e4 ja mukavuutta el\u00e4m\u00e4\u00e4si.  <\/p><p>Asiakastyytyv\u00e4isyys on meille ensisijaisen t\u00e4rke\u00e4\u00e4. Siksi r\u00e4\u00e4t\u00e4l\u00f6imme jokaisen palvelumme tarjoamaan sinulle parhaan mahdollisen kokemuksen. Tarjoamme siivouspalveluja kaikissa Tosmurin, Obain, Mahmutlarin, Konakl\u0131n, Avsallarin, Cikcillin, \u00c7\u0131plakl\u0131n ja Alanyan kaupunginosissa ja saavumme paikalle nopeasti. Suoritamme palvelumme ajallaan ja kokonaisuudessaan, jotta voit vain nauttia puhtaudesta.   <\/p><p>Visiomme on olla johtava yritys Alanyan siivousalalla ja rakentaa kest\u00e4vi\u00e4 suhteita ansaitsemalla jokaisen asiakkaan luottamus. Missiomme on helpottaa el\u00e4m\u00e4\u00e4si nopeilla ja tehokkailla siivouspalveluilla, joissa kiinnitet\u00e4\u00e4n huomiota jokaiseen yksityiskohtaan. <\/p><p>Jos haluatte puhtaan ja siistin ymp\u00e4rist\u00f6n kotiinne, ty\u00f6paikallenne tai hotelliinne, Alanya Cleaning on aina valmiina auttamaan. Autamme mielell\u00e4mme tarpeisiinne r\u00e4\u00e4t\u00e4l\u00f6ityjen ratkaisujen l\u00f6yt\u00e4misess\u00e4 heti, kun otatte meihin yhteytt\u00e4. <\/p>\t\t\t\t\t\t\t\t<\/div>\n\t\t\t\t<\/div>\n\t\t\t\t\t<\/div>\n\t\t\t\t<\/div>\n\t\t<div class=\"wd-negative-gap elementor-element elementor-element-0aaf669 wd-section-stretch e-flex e-con-boxed e-con e-parent\" data-id=\"0aaf669\" data-element_type=\"container\" data-e-type=\"container\" data-settings=\"{&quot;background_background&quot;:&quot;classic&quot;}\">\n\t\t\t\t\t<div class=\"e-con-inner\">\n\t\t<div class=\"elementor-element elementor-element-49529c7 color-scheme-light e-con-full e-flex e-con e-child\" data-id=\"49529c7\" data-element_type=\"container\" data-e-type=\"container\">\n\t\t\t\t<div class=\"elementor-element elementor-element-95c7bfa wd-width-100 elementor-widget elementor-widget-wd_title\" data-id=\"95c7bfa\" data-element_type=\"widget\" data-e-type=\"widget\" data-widget_type=\"wd_title.default\">\n\t\t\t\t<div class=\"elementor-widget-container\">\n\t\t\t\t\t\t\t<div class=\"title-wrapper wd-set-mb reset-last-child wd-title-color-primary wd-title-style-default wd-title-size-large text-left\">\n\n\t\t\t\t\t\t\t\t\t\t\t<div class=\"title-subtitle subtitle-color-primary subtitle-style-default wd-fontsize-xs\">\n\t\t\t\t\tOlemme palvelleet sinua vuodesta 2015 l\u00e4htien.\t\t\t\t<\/div>\n\t\t\t\n\t\t\t<div class=\"liner-continer\">\n\t\t\t\t<h4 class=\"woodmart-title-container title wd-fontsize-xxl\">Alanyan siivous vaatii aina laatua<\/h4> \n\t\t\t\t\t\t\t<\/div>\n\n\t\t\t\t\t<\/div>\n\t\t\t\t\t\t<\/div>\n\t\t\t\t<\/div>\n\t\t\t\t<div class=\"elementor-element elementor-element-d714b41 elementor-widget elementor-widget-wd_button\" data-id=\"d714b41\" data-element_type=\"widget\" data-e-type=\"widget\" data-widget_type=\"wd_button.default\">\n\t\t\t\t<div class=\"elementor-widget-container\">\n\t\t\t\t\t\t\t<div class=\"wd-button-wrapper text-left\" >\n\t\t\t<a class=\"btn btn-style-link btn-shape- btn-size-default btn-color-white btn-icon-pos-right\"  href=\"#\">\n\t\t\t\t<span class=\"wd-btn-text\" data-elementor-setting-key=\"text\">\n\t\t\t\t\tOta yhteytt\u00e4\t\t\t\t<\/span>\n\n\t\t\t\t\t\t\t<\/a>\n\t\t<\/div>\n\t\t\t\t\t\t<\/div>\n\t\t\t\t<\/div>\n\t\t\t\t<\/div>\n\t\t<div class=\"elementor-element elementor-element-112f98a e-con-full e-flex e-con e-child\" data-id=\"112f98a\" data-element_type=\"container\" data-e-type=\"container\">\n\t\t<div class=\"elementor-element elementor-element-48c7dd1 e-con-full e-flex e-con e-child\" data-id=\"48c7dd1\" data-element_type=\"container\" data-e-type=\"container\">\n\t\t<div class=\"elementor-element elementor-element-54eb2d3 e-con-full e-flex e-con e-child\" data-id=\"54eb2d3\" data-element_type=\"container\" data-e-type=\"container\">\n\t\t\t\t<div class=\"elementor-element elementor-element-14ff076 elementor-widget elementor-widget-wd_counter\" data-id=\"14ff076\" data-element_type=\"widget\" data-e-type=\"widget\" data-widget_type=\"wd_counter.default\">\n\t\t\t\t<div class=\"elementor-widget-container\">\n\t\t\t\t\t\t\t<div class=\"woodmart-counter counter-large text-center color-scheme-light\">\n\t\t\t<div class=\"counter-value\" data-state=\"new\" data-final=\"2015\">\n\t\t\t\t0\t\t\t<\/div>\n\n\t\t\t\t\t\t\t<div class=\"counter-label\">\n\t\t\t\t\tPERUSTAMISVUOSI\t\t\t\t<\/div>\n\t\t\t\t\t<\/div>\n\t\t\t\t\t\t<\/div>\n\t\t\t\t<\/div>\n\t\t\t\t<\/div>\n\t\t<div class=\"elementor-element elementor-element-668ca24 e-con-full e-flex e-con e-child\" data-id=\"668ca24\" data-element_type=\"container\" data-e-type=\"container\">\n\t\t\t\t<div class=\"elementor-element elementor-element-da35035 elementor-widget elementor-widget-wd_counter\" data-id=\"da35035\" data-element_type=\"widget\" data-e-type=\"widget\" data-widget_type=\"wd_counter.default\">\n\t\t\t\t<div class=\"elementor-widget-container\">\n\t\t\t\t\t\t\t<div class=\"woodmart-counter counter-large text-center color-scheme-light\">\n\t\t\t<div class=\"counter-value\" data-state=\"new\" data-final=\"2000\">\n\t\t\t\t0\t\t\t<\/div>\n\n\t\t\t\t\t\t\t<div class=\"counter-label\">\n\t\t\t\t\tTyytyv\u00e4iset asiakkaat\t\t\t\t<\/div>\n\t\t\t\t\t<\/div>\n\t\t\t\t\t\t<\/div>\n\t\t\t\t<\/div>\n\t\t\t\t<\/div>\n\t\t\t\t<\/div>\n\t\t<div class=\"elementor-element elementor-element-6b5c35a e-con-full e-flex e-con e-child\" data-id=\"6b5c35a\" data-element_type=\"container\" data-e-type=\"container\">\n\t\t<div class=\"elementor-element elementor-element-214e692 e-con-full e-flex e-con e-child\" data-id=\"214e692\" data-element_type=\"container\" data-e-type=\"container\">\n\t\t\t\t<div class=\"elementor-element elementor-element-168ddab elementor-widget elementor-widget-wd_counter\" data-id=\"168ddab\" data-element_type=\"widget\" data-e-type=\"widget\" data-widget_type=\"wd_counter.default\">\n\t\t\t\t<div class=\"elementor-widget-container\">\n\t\t\t\t\t\t\t<div class=\"woodmart-counter counter-large text-center color-scheme-light\">\n\t\t\t<div class=\"counter-value\" data-state=\"new\" data-final=\"15\">\n\t\t\t\t0\t\t\t<\/div>\n\n\t\t\t\t\t\t\t<div class=\"counter-label\">\n\t\t\t\t\tTy\u00f6ntekij\u00e4mme\t\t\t\t<\/div>\n\t\t\t\t\t<\/div>\n\t\t\t\t\t\t<\/div>\n\t\t\t\t<\/div>\n\t\t\t\t<\/div>\n\t\t<div class=\"elementor-element elementor-element-214de82 e-con-full e-flex e-con e-child\" data-id=\"214de82\" data-element_type=\"container\" data-e-type=\"container\">\n\t\t\t\t<div class=\"elementor-element elementor-element-3444280 elementor-widget elementor-widget-wd_counter\" data-id=\"3444280\" data-element_type=\"widget\" data-e-type=\"widget\" data-widget_type=\"wd_counter.default\">\n\t\t\t\t<div class=\"elementor-widget-container\">\n\t\t\t\t\t\t\t<div class=\"woodmart-counter counter-large text-center color-scheme-light\">\n\t\t\t<div class=\"counter-value\" data-state=\"new\" data-final=\"1\">\n\t\t\t\t0\t\t\t<\/div>\n\n\t\t\t\t\t\t\t<div class=\"counter-label\">\n\t\t\t\t\tOfis\t\t\t\t<\/div>\n\t\t\t\t\t<\/div>\n\t\t\t\t\t\t<\/div>\n\t\t\t\t<\/div>\n\t\t\t\t<\/div>\n\t\t\t\t<\/div>\n\t\t\t\t<\/div>\n\t\t\t\t\t<\/div>\n\t\t\t\t<\/div>\n\t\t<div class=\"wd-negative-gap elementor-element elementor-element-916fc6b e-flex e-con-boxed e-con e-parent\" data-id=\"916fc6b\" data-element_type=\"container\" data-e-type=\"container\">\n\t\t\t\t\t<div class=\"e-con-inner\">\n\t\t\t\t<div class=\"elementor-element elementor-element-f0fef58 wd-width-100 elementor-widget elementor-widget-wd_title\" data-id=\"f0fef58\" data-element_type=\"widget\" data-e-type=\"widget\" data-widget_type=\"wd_title.default\">\n\t\t\t\t<div class=\"elementor-widget-container\">\n\t\t\t\t\t\t\t<div class=\"title-wrapper wd-set-mb reset-last-child wd-title-color-primary wd-title-style-default wd-title-size-large text-center\">\n\n\t\t\t\t\t\t\t\t\t\t\t<div class=\"title-subtitle subtitle-color-primary subtitle-style-default wd-fontsize-xs\">\n\t\t\t\t\tSiivoukseen liittyv\u00e4t viestit\t\t\t\t<\/div>\n\t\t\t\n\t\t\t<div class=\"liner-continer\">\n\t\t\t\t<h4 class=\"woodmart-title-container title wd-fontsize-xxl\">Uusimmat viestit<\/h4> \n\t\t\t\t\t\t\t<\/div>\n\n\t\t\t\t\t<\/div>\n\t\t\t\t\t\t<\/div>\n\t\t\t\t<\/div>\n\t\t\t\t<div class=\"elementor-element elementor-element-a89b256 wd-width-100 elementor-widget elementor-widget-wd_blog\" data-id=\"a89b256\" data-element_type=\"widget\" data-e-type=\"widget\" data-widget_type=\"wd_blog.default\">\n\t\t\t\t<div class=\"elementor-widget-container\">\n\t\t\t\t\t\t\t\t<div id=\"carousel-250\" class=\"wd-carousel-container  wd-posts wd-blog-element\">\n\t\t\t\t\n\t\t\t\t\n\t\t\t\t<div class=\"wd-carousel-inner\">\n\t\t\t\t\t<div class=\" wd-carousel wd-grid\" data-scroll_per_page=\"yes\" style=\"--wd-col-lg:3;--wd-col-md:3;--wd-col-sm:1;--wd-gap-lg:20px;--wd-gap-sm:10px;\">\n\t\t\t\t\t\t<div class=\"wd-carousel-wrap\">\n\t\t\t\t\t\t\t\t\t<div class=\"wd-carousel-item\">\n\t\t\t\t\t\t\t\n<article id=\"post-17591\" class=\"wd-post blog-design-masonry blog-post-loop blog-style-bg wd-add-shadow post-17591 post type-post status-publish format-standard has-post-thumbnail hentry category-uncategorized-fi\">\n\t<div class=\"article-inner\">\n\t\t<header class=\"entry-header\">\n\t\t\t\t\t\t\t<figure class=\"entry-thumbnail\">\n\t\t\t\t\t\t\t\t\t\t\t<div class=\"post-img-wrapp\">\n\t\t\t\t\t\t\t<a href=\"https:\/\/alanyacleaning.com\/fi\/alanyan-asunnon-siivous-hinta\/\">\n\t\t\t\t\t\t\t\t<img fetchpriority=\"high\" decoding=\"async\" width=\"1200\" height=\"800\" src=\"https:\/\/alanyacleaning.com\/wp-content\/uploads\/2026\/01\/Alanyan-asunnon-siivous-hinta.jpg\" class=\"attachment-large size-large\" alt=\"Alanyan asunnon siivous hinta\" srcset=\"https:\/\/alanyacleaning.com\/wp-content\/uploads\/2026\/01\/Alanyan-asunnon-siivous-hinta.jpg 1200w, https:\/\/alanyacleaning.com\/wp-content\/uploads\/2026\/01\/Alanyan-asunnon-siivous-hinta-400x267.jpg 400w, https:\/\/alanyacleaning.com\/wp-content\/uploads\/2026\/01\/Alanyan-asunnon-siivous-hinta-768x512.jpg 768w\" sizes=\"(max-width: 1200px) 100vw, 1200px\" title=\"\">\t\t\t\t\t\t\t<\/a>\n\t\t\t\t\t\t<\/div>\n\t\t\t\t\t\t\t\t\t\t<div class=\"post-image-mask\">\n\t\t\t\t\t\t<span><\/span>\n\t\t\t\t\t<\/div>\n\t\t\t\t<\/figure>\n\t\t\t\n\t\t\t\t\t\t<div class=\"wd-post-date wd-style-with-bg\">\n\t\t\t\t<span class=\"post-date-day\">\n\t\t\t\t\t19\t\t\t\t<\/span>\n\t\t\t\t<span class=\"post-date-month\">\n\t\t\t\t\ttammi\t\t\t\t<\/span>\n\t\t\t<\/div>\n\t\t\t\t<\/header>\n\n\t\t<div class=\"article-body-container\">\n\t\t\t\n\t\t\t\t\t\t\t<h3 class=\"wd-entities-title title post-title\">\n\t\t\t\t\t<a href=\"https:\/\/alanyacleaning.com\/fi\/alanyan-asunnon-siivous-hinta\/\" rel=\"bookmark\">\n\t\t\t\t\t\tAlanyan asunnon siivous hinta \u2013 2026 hintatiedot\t\t\t\t\t<\/a>\n\t\t\t\t<\/h3>\n\t\t\t\n\t\t\t\n\t\t\t\t\t\t\t<div class=\"entry-content wd-post-desc\">\n\t\t\t\t\tSis\u00e4llysluetteloKuinka paljon asunnon siivous maksaa Alanyassa vuonna 2026?Mist\u00e4 Alanyan asunnon siivouksen hinta muodostuu?Asunnon tyy...\t\t\t\t<\/div>\n\t\t\t\n\t\t\t\t\t\t\t\t\t\t\t\t<p class=\"read-more-section\">\n\t\t\t\t\t\t<a class=\"btn-read-more more-link\" href=\"https:\/\/alanyacleaning.com\/fi\/alanyan-asunnon-siivous-hinta\/\">Continue reading<\/a>\t\t\t\t\t<\/p>\n\t\t\t\t\t\t\t\t\t<\/div>\n\t<\/div>\n<\/article>\n\n\t\t\t\t\t<\/div>\n\t\t\t\t<div class=\"wd-carousel-item\">\n\t\t\t\t\t\t\t\n<article id=\"post-17553\" class=\"wd-post blog-design-masonry blog-post-loop blog-style-bg wd-add-shadow post-17553 post type-post status-publish format-standard has-post-thumbnail hentry category-uncategorized-fi\">\n\t<div class=\"article-inner\">\n\t\t<header class=\"entry-header\">\n\t\t\t\t\t\t\t<figure class=\"entry-thumbnail\">\n\t\t\t\t\t\t\t\t\t\t\t<div class=\"post-img-wrapp\">\n\t\t\t\t\t\t\t<a href=\"https:\/\/alanyacleaning.com\/fi\/alanyan-ammattimainen-siivouspalvelu-0553-503-90-70\/\">\n\t\t\t\t\t\t\t\t<img decoding=\"async\" width=\"1200\" height=\"800\" src=\"https:\/\/alanyacleaning.com\/wp-content\/uploads\/2025\/12\/Alanya-Profesyonel-Temizlik.jpg\" class=\"attachment-large size-large\" alt=\"Alanya Ammattimainen siivous\" srcset=\"https:\/\/alanyacleaning.com\/wp-content\/uploads\/2025\/12\/Alanya-Profesyonel-Temizlik.jpg 1200w, https:\/\/alanyacleaning.com\/wp-content\/uploads\/2025\/12\/Alanya-Profesyonel-Temizlik-400x267.jpg 400w, https:\/\/alanyacleaning.com\/wp-content\/uploads\/2025\/12\/Alanya-Profesyonel-Temizlik-768x512.jpg 768w\" sizes=\"(max-width: 1200px) 100vw, 1200px\" title=\"\">\t\t\t\t\t\t\t<\/a>\n\t\t\t\t\t\t<\/div>\n\t\t\t\t\t\t\t\t\t\t<div class=\"post-image-mask\">\n\t\t\t\t\t\t<span><\/span>\n\t\t\t\t\t<\/div>\n\t\t\t\t<\/figure>\n\t\t\t\n\t\t\t\t\t\t<div class=\"wd-post-date wd-style-with-bg\">\n\t\t\t\t<span class=\"post-date-day\">\n\t\t\t\t\t08\t\t\t\t<\/span>\n\t\t\t\t<span class=\"post-date-month\">\n\t\t\t\t\tjoulu\t\t\t\t<\/span>\n\t\t\t<\/div>\n\t\t\t\t<\/header>\n\n\t\t<div class=\"article-body-container\">\n\t\t\t\n\t\t\t\t\t\t\t<h3 class=\"wd-entities-title title post-title\">\n\t\t\t\t\t<a href=\"https:\/\/alanyacleaning.com\/fi\/alanyan-ammattimainen-siivouspalvelu-0553-503-90-70\/\" rel=\"bookmark\">\n\t\t\t\t\t\tAlanyan ammattimainen siivouspalvelu \u2013 0553 503 90 70\t\t\t\t\t<\/a>\n\t\t\t\t<\/h3>\n\t\t\t\n\t\t\t\n\t\t\t\t\t\t\t<div class=\"entry-content wd-post-desc\">\n\t\t\t\t\tMiksi ammattimainen siivouspalvelu on tarpeen?Alanyan suosituimmat siivouspalvelutAlanyan siivoushinnat 2026Miksi valita meid\u00e4t?Usein k...\t\t\t\t<\/div>\n\t\t\t\n\t\t\t\t\t\t\t\t\t\t\t\t<p class=\"read-more-section\">\n\t\t\t\t\t\t<a class=\"btn-read-more more-link\" href=\"https:\/\/alanyacleaning.com\/fi\/alanyan-ammattimainen-siivouspalvelu-0553-503-90-70\/\">Continue reading<\/a>\t\t\t\t\t<\/p>\n\t\t\t\t\t\t\t\t\t<\/div>\n\t<\/div>\n<\/article>\n\n\t\t\t\t\t<\/div>\n\t\t\t\t<div class=\"wd-carousel-item\">\n\t\t\t\t\t\t\t\n<article id=\"post-17557\" class=\"wd-post blog-design-masonry blog-post-loop blog-style-bg wd-add-shadow post-17557 post type-post status-publish format-standard has-post-thumbnail hentry category-uncategorized-fi\">\n\t<div class=\"article-inner\">\n\t\t<header class=\"entry-header\">\n\t\t\t\t\t\t\t<figure class=\"entry-thumbnail\">\n\t\t\t\t\t\t\t\t\t\t\t<div class=\"post-img-wrapp\">\n\t\t\t\t\t\t\t<a href=\"https:\/\/alanyacleaning.com\/fi\/mika-on-paras-siivousyritys-alanyassa-2025\/\">\n\t\t\t\t\t\t\t\t<img decoding=\"async\" width=\"1200\" height=\"800\" src=\"https:\/\/alanyacleaning.com\/wp-content\/uploads\/2025\/11\/alanya-temizlik-firmasi.jpg\" class=\"attachment-large size-large\" alt=\"\" srcset=\"https:\/\/alanyacleaning.com\/wp-content\/uploads\/2025\/11\/alanya-temizlik-firmasi.jpg 1200w, https:\/\/alanyacleaning.com\/wp-content\/uploads\/2025\/11\/alanya-temizlik-firmasi-400x267.jpg 400w, https:\/\/alanyacleaning.com\/wp-content\/uploads\/2025\/11\/alanya-temizlik-firmasi-768x512.jpg 768w\" sizes=\"(max-width: 1200px) 100vw, 1200px\" title=\"\">\t\t\t\t\t\t\t<\/a>\n\t\t\t\t\t\t<\/div>\n\t\t\t\t\t\t\t\t\t\t<div class=\"post-image-mask\">\n\t\t\t\t\t\t<span><\/span>\n\t\t\t\t\t<\/div>\n\t\t\t\t<\/figure>\n\t\t\t\n\t\t\t\t\t\t<div class=\"wd-post-date wd-style-with-bg\">\n\t\t\t\t<span class=\"post-date-day\">\n\t\t\t\t\t25\t\t\t\t<\/span>\n\t\t\t\t<span class=\"post-date-month\">\n\t\t\t\t\tmarras\t\t\t\t<\/span>\n\t\t\t<\/div>\n\t\t\t\t<\/header>\n\n\t\t<div class=\"article-body-container\">\n\t\t\t\n\t\t\t\t\t\t\t<h3 class=\"wd-entities-title title post-title\">\n\t\t\t\t\t<a href=\"https:\/\/alanyacleaning.com\/fi\/mika-on-paras-siivousyritys-alanyassa-2025\/\" rel=\"bookmark\">\n\t\t\t\t\t\tMik\u00e4 on paras siivousyritys Alanyassa? 2025\t\t\t\t\t<\/a>\n\t\t\t\t<\/h3>\n\t\t\t\n\t\t\t\n\t\t\t\t\t\t\t<div class=\"entry-content wd-post-desc\">\n\t\t\t\t\tOn vuosi 2025, ja Alanyassa kysymys \"Mik\u00e4 on paras siivousyritys?\" on edelleen yksi Googlen haetuimmista hakusanoista. Kes\u00e4kausi l\u00e4hest...\t\t\t\t<\/div>\n\t\t\t\n\t\t\t\t\t\t\t\t\t\t\t\t<p class=\"read-more-section\">\n\t\t\t\t\t\t<a class=\"btn-read-more more-link\" href=\"https:\/\/alanyacleaning.com\/fi\/mika-on-paras-siivousyritys-alanyassa-2025\/\">Continue reading<\/a>\t\t\t\t\t<\/p>\n\t\t\t\t\t\t\t\t\t<\/div>\n\t<\/div>\n<\/article>\n\n\t\t\t\t\t<\/div>\n\t\t\t\t<div class=\"wd-carousel-item\">\n\t\t\t\t\t\t\t\n<article id=\"post-17555\" class=\"wd-post blog-design-masonry blog-post-loop blog-style-bg wd-add-shadow post-17555 post type-post status-publish format-standard has-post-thumbnail hentry category-uncategorized-fi\">\n\t<div class=\"article-inner\">\n\t\t<header class=\"entry-header\">\n\t\t\t\t\t\t\t<figure class=\"entry-thumbnail\">\n\t\t\t\t\t\t\t\t\t\t\t<div class=\"post-img-wrapp\">\n\t\t\t\t\t\t\t<a href=\"https:\/\/alanyacleaning.com\/fi\/alanyan-paivittainen-siivouspalvelu-ammattitaitoista-ja-ystavallista-palvelua\/\">\n\t\t\t\t\t\t\t\t<img loading=\"lazy\" decoding=\"async\" width=\"1200\" height=\"800\" src=\"https:\/\/alanyacleaning.com\/wp-content\/uploads\/2025\/10\/alanya-gunluk-temizlik-fiyatlari.jpg\" class=\"attachment-large size-large\" alt=\"Alanyan p\u00e4ivitt\u00e4isen siivouksen hinnat 2025\" srcset=\"https:\/\/alanyacleaning.com\/wp-content\/uploads\/2025\/10\/alanya-gunluk-temizlik-fiyatlari.jpg 1200w, https:\/\/alanyacleaning.com\/wp-content\/uploads\/2025\/10\/alanya-gunluk-temizlik-fiyatlari-400x267.jpg 400w, https:\/\/alanyacleaning.com\/wp-content\/uploads\/2025\/10\/alanya-gunluk-temizlik-fiyatlari-768x512.jpg 768w\" sizes=\"(max-width: 1200px) 100vw, 1200px\" title=\"\">\t\t\t\t\t\t\t<\/a>\n\t\t\t\t\t\t<\/div>\n\t\t\t\t\t\t\t\t\t\t<div class=\"post-image-mask\">\n\t\t\t\t\t\t<span><\/span>\n\t\t\t\t\t<\/div>\n\t\t\t\t<\/figure>\n\t\t\t\n\t\t\t\t\t\t<div class=\"wd-post-date wd-style-with-bg\">\n\t\t\t\t<span class=\"post-date-day\">\n\t\t\t\t\t31\t\t\t\t<\/span>\n\t\t\t\t<span class=\"post-date-month\">\n\t\t\t\t\tloka\t\t\t\t<\/span>\n\t\t\t<\/div>\n\t\t\t\t<\/header>\n\n\t\t<div class=\"article-body-container\">\n\t\t\t\n\t\t\t\t\t\t\t<h3 class=\"wd-entities-title title post-title\">\n\t\t\t\t\t<a href=\"https:\/\/alanyacleaning.com\/fi\/alanyan-paivittainen-siivouspalvelu-ammattitaitoista-ja-ystavallista-palvelua\/\" rel=\"bookmark\">\n\t\t\t\t\t\tAlanyan p\u00e4ivitt\u00e4inen siivouspalvelu \u2013 ammattitaitoista ja yst\u00e4v\u00e4llist\u00e4 palvelua\t\t\t\t\t<\/a>\n\t\t\t\t<\/h3>\n\t\t\t\n\t\t\t\n\t\t\t\t\t\t\t<div class=\"entry-content wd-post-desc\">\n\t\t\t\t\tAlanyan p\u00e4ivitt\u00e4inen siivouspalvelu varmistaa, ett\u00e4 kotisi pysyy siistin\u00e4 ja hygieenisen\u00e4 aina, vaikka el\u00e4m\u00e4ntapasi olisi kiireinen. Am...\t\t\t\t<\/div>\n\t\t\t\n\t\t\t\t\t\t\t\t\t\t\t\t<p class=\"read-more-section\">\n\t\t\t\t\t\t<a class=\"btn-read-more more-link\" href=\"https:\/\/alanyacleaning.com\/fi\/alanyan-paivittainen-siivouspalvelu-ammattitaitoista-ja-ystavallista-palvelua\/\">Continue reading<\/a>\t\t\t\t\t<\/p>\n\t\t\t\t\t\t\t\t\t<\/div>\n\t<\/div>\n<\/article>\n\n\t\t\t\t\t<\/div>\n\t\t\t\t<div class=\"wd-carousel-item\">\n\t\t\t\t\t\t\t\n<article id=\"post-17559\" class=\"wd-post blog-design-masonry blog-post-loop blog-style-bg wd-add-shadow post-17559 post type-post status-publish format-standard has-post-thumbnail hentry category-uncategorized-fi\">\n\t<div class=\"article-inner\">\n\t\t<header class=\"entry-header\">\n\t\t\t\t\t\t\t<figure class=\"entry-thumbnail\">\n\t\t\t\t\t\t\t\t\t\t\t<div class=\"post-img-wrapp\">\n\t\t\t\t\t\t\t<a href=\"https:\/\/alanyacleaning.com\/fi\/alanya-cleaning-company-ammattimaiset-koti-ja-huvilarengastuspalvelut\/\">\n\t\t\t\t\t\t\t\t<img loading=\"lazy\" decoding=\"async\" width=\"1200\" height=\"800\" src=\"https:\/\/alanyacleaning.com\/wp-content\/uploads\/2025\/10\/alanya-temizlikci.jpg\" class=\"attachment-large size-large\" alt=\"Alanyan siivousyritys 2025\" srcset=\"https:\/\/alanyacleaning.com\/wp-content\/uploads\/2025\/10\/alanya-temizlikci.jpg 1200w, https:\/\/alanyacleaning.com\/wp-content\/uploads\/2025\/10\/alanya-temizlikci-400x267.jpg 400w, https:\/\/alanyacleaning.com\/wp-content\/uploads\/2025\/10\/alanya-temizlikci-768x512.jpg 768w\" sizes=\"(max-width: 1200px) 100vw, 1200px\" title=\"\">\t\t\t\t\t\t\t<\/a>\n\t\t\t\t\t\t<\/div>\n\t\t\t\t\t\t\t\t\t\t<div class=\"post-image-mask\">\n\t\t\t\t\t\t<span><\/span>\n\t\t\t\t\t<\/div>\n\t\t\t\t<\/figure>\n\t\t\t\n\t\t\t\t\t\t<div class=\"wd-post-date wd-style-with-bg\">\n\t\t\t\t<span class=\"post-date-day\">\n\t\t\t\t\t13\t\t\t\t<\/span>\n\t\t\t\t<span class=\"post-date-month\">\n\t\t\t\t\tloka\t\t\t\t<\/span>\n\t\t\t<\/div>\n\t\t\t\t<\/header>\n\n\t\t<div class=\"article-body-container\">\n\t\t\t\n\t\t\t\t\t\t\t<h3 class=\"wd-entities-title title post-title\">\n\t\t\t\t\t<a href=\"https:\/\/alanyacleaning.com\/fi\/alanya-cleaning-company-ammattimaiset-koti-ja-huvilarengastuspalvelut\/\" rel=\"bookmark\">\n\t\t\t\t\t\tAlanya Cleaning Company | Ammattimaiset koti- ja huvilarengastuspalvelut\t\t\t\t\t<\/a>\n\t\t\t\t<\/h3>\n\t\t\t\n\t\t\t\n\t\t\t\t\t\t\t<div class=\"entry-content wd-post-desc\">\n\t\t\t\t\tJos etsit siivousyrityst\u00e4 Alanyassa, paras valinta on yrityssiivousyritys, joka tarjoaa ammattitaitoisia tiimej\u00e4 koti-, huvila- ja p\u00e4iv...\t\t\t\t<\/div>\n\t\t\t\n\t\t\t\t\t\t\t\t\t\t\t\t<p class=\"read-more-section\">\n\t\t\t\t\t\t<a class=\"btn-read-more more-link\" href=\"https:\/\/alanyacleaning.com\/fi\/alanya-cleaning-company-ammattimaiset-koti-ja-huvilarengastuspalvelut\/\">Continue reading<\/a>\t\t\t\t\t<\/p>\n\t\t\t\t\t\t\t\t\t<\/div>\n\t<\/div>\n<\/article>\n\n\t\t\t\t\t<\/div>\n\t\t\t\t\t\t\t\t<\/div>\n\t\t\t\t\t<\/div>\n\n\t\t\t\t\t\t\t<div class=\"wd-nav-arrows wd-pos-sep wd-hover-1 wd-icon-1\">\n\t\t\t<div class=\"wd-btn-arrow wd-prev wd-disabled\">\n\t\t\t\t<div class=\"wd-arrow-inner\"><\/div>\n\t\t\t<\/div>\n\t\t\t<div class=\"wd-btn-arrow wd-next\">\n\t\t\t\t<div class=\"wd-arrow-inner\"><\/div>\n\t\t\t<\/div>\n\t\t<\/div>\n\t\t\t\t\t\t<\/div>\n\n\t\t\t\t\t\t<div class=\"wd-nav-pagin-wrap text-center wd-style-shape wd-hide-md-sm wd-hide-sm\">\n\t\t\t<ul class=\"wd-nav-pagin\"><\/ul>\n\t\t<\/div>\n\t\t\t\t\t\t\t\t\t<\/div>\n\t\t\t\t\t\t\t<\/div>\n\t\t\t\t<\/div>\n\t\t\t\t\t<\/div>\n\t\t\t\t<\/div>\n\t\t\t\t<\/div>\n\t\t","protected":false},"excerpt":{"rendered":"<p>Alanyan siivous Meist\u00e4 Alanya Cleaning -yrityksen\u00e4 tavoitteenamme on yhdist\u00e4\u00e4 ammattitaito, luotettavuus ja asiakastyytyv\u00e4isyys siivouspalveluihimme. Perustamisestamme l\u00e4htien olemme tarjonneet hygieenisi\u00e4 ja<\/p>\n","protected":false},"author":1,"featured_media":0,"parent":0,"menu_order":0,"comment_status":"closed","ping_status":"closed","template":"","meta":{"footnotes":""},"class_list":["post-17480","page","type-page","status-publish","hentry"],"_links":{"self":[{"href":"https:\/\/alanyacleaning.com\/fi\/wp-json\/wp\/v2\/pages\/17480","targetHints":{"allow":["GET"]}}],"collection":[{"href":"https:\/\/alanyacleaning.com\/fi\/wp-json\/wp\/v2\/pages"}],"about":[{"href":"https:\/\/alanyacleaning.com\/fi\/wp-json\/wp\/v2\/types\/page"}],"author":[{"embeddable":true,"href":"https:\/\/alanyacleaning.com\/fi\/wp-json\/wp\/v2\/users\/1"}],"replies":[{"embeddable":true,"href":"https:\/\/alanyacleaning.com\/fi\/wp-json\/wp\/v2\/comments?post=17480"}],"version-history":[{"count":1,"href":"https:\/\/alanyacleaning.com\/fi\/wp-json\/wp\/v2\/pages\/17480\/revisions"}],"predecessor-version":[{"id":17481,"href":"https:\/\/alanyacleaning.com\/fi\/wp-json\/wp\/v2\/pages\/17480\/revisions\/17481"}],"wp:attachment":[{"href":"https:\/\/alanyacleaning.com\/fi\/wp-json\/wp\/v2\/media?parent=17480"}],"curies":[{"name":"wp","href":"https:\/\/api.w.org\/{rel}","templated":true}]}}