{"id":16903,"date":"2025-02-05T21:06:00","date_gmt":"2025-02-05T18:06:00","guid":{"rendered":"https:\/\/alanyacleaning.com\/datenschutzbestimmungen\/"},"modified":"2025-10-04T11:29:47","modified_gmt":"2025-10-04T08:29:47","slug":"datenschutzbestimmungen","status":"publish","type":"page","link":"https:\/\/alanyacleaning.com\/de\/datenschutzbestimmungen\/","title":{"rendered":"Datenschutzbestimmungen"},"content":{"rendered":"\n<p><strong>Datenschutzbestimmungen<\/strong><\/p>\n\n<p><strong>1. allgemeine Informationen<\/strong><br\/>Als Alanya Cleaning Cleaning legen wir gro\u00dfen Wert auf die Privatsph\u00e4re unserer Nutzer, die unsere Website besuchen. In dieser Datenschutzerkl\u00e4rung wird erl\u00e4utert, wie die \u00fcber unsere Website erhobenen personenbezogenen Daten verarbeitet, gespeichert und gesch\u00fctzt werden. Durch die Nutzung unserer Website erkl\u00e4ren Sie sich mit dieser Datenschutzerkl\u00e4rung einverstanden.  <\/p>\n\n<p><strong>2. gesammelte Informationen<\/strong><br\/>\u00dcber unsere Website k\u00f6nnen wir die folgenden personenbezogenen Daten erfassen:<\/p>\n\n<ul class=\"wp-block-list\">\n<li>Vorname und Nachname<\/li>\n\n\n\n<li>Telefon Nummer<\/li>\n\n\n\n<li>E-Mail-Adresse<\/li>\n<\/ul>\n\n<p>Diese Informationen werden gesammelt, um mit unseren Kunden zu kommunizieren, Serviceanfragen zu bearbeiten und die Kundenzufriedenheit sicherzustellen.<\/p>\n\n<p><strong>3. die Verwendung personenbezogener Daten<\/strong><br\/>Die erhobenen personenbezogenen Daten werden f\u00fcr die folgenden Zwecke verwendet:<\/p>\n\n<ul class=\"wp-block-list\">\n<li>Bearbeitung von Kundenanfragen und Erbringung von Dienstleistungen<\/li>\n\n\n\n<li>Durchf\u00fchrung von Termin- und Reservierungsverfahren<\/li>\n\n\n\n<li>Direkte Kommunikation mit dem Nutzer<\/li>\n\n\n\n<li>Verbesserung der Qualit\u00e4t unserer Dienstleistungen<\/li>\n<\/ul>\n\n<p><strong>4. der Schutz personenbezogener Daten<\/strong><br\/>Ihre personenbezogenen Daten sind vor unbefugtem Zugriff, Ver\u00e4nderung, Weitergabe oder Zerst\u00f6rung gesch\u00fctzt. Im Rahmen der Sicherheitsma\u00dfnahmen sind Ihre Daten nur f\u00fcr befugtes Personal zug\u00e4nglich. <\/p>\n\n<p><strong>5. die Weitergabe personenbezogener Daten an Dritte<\/strong><br\/>Alanya Cleaning gibt die pers\u00f6nlichen Daten der Benutzer nicht an Dritte weiter. Sie k\u00f6nnen jedoch im Rahmen der gesetzlichen Verpflichtungen an \u00f6ffentliche Beh\u00f6rden weitergegeben werden. <\/p>\n\n<p><strong>6. kekse<\/strong><br\/>Unsere Website kann Cookies verwenden, um die Benutzerfreundlichkeit zu verbessern. Cookies werden verwendet, um Benutzereinstellungen zu speichern und die Leistung der Website zu verbessern. Sie k\u00f6nnen die Cookie-Einstellungen in Ihrem Browser \u00e4ndern oder Cookies blockieren.  <\/p>\n\n<p><g id=\"gid_0\">7 Benutzerrechte<\/g><br\/>Die Nutzer haben das Recht auf Zugang, Berichtigung, L\u00f6schung und Widerspruch gegen die Verarbeitung ihrer personenbezogenen Daten. Sie k\u00f6nnen uns kontaktieren, um eines dieser Rechte auszu\u00fcben. <br\/> <\/p>\n\n<p><strong>8. kontaktinformationen<\/strong><br\/>Sie k\u00f6nnen die nachstehenden Kontaktangaben f\u00fcr Ihre Fragen oder W\u00fcnsche zu unserer Datenschutzpolitik verwenden:<\/p>\n\n<p><strong>Alanya Cleaning Reinigung<\/strong><br\/>E-posta: [info@alanyacleaning.com]<br\/>Telefon: [+(90) 553 503 90 70]<br\/>Adres: [Alanya]<\/p>\n\n<p>Diese Datenschutzrichtlinie wird laufend aktualisiert und \u00c4nderungen treten in Kraft, sobald sie auf unserer Website ver\u00f6ffentlicht werden.<\/p>\n","protected":false},"excerpt":{"rendered":"<p>Datenschutzbestimmungen 1. allgemeine InformationenAls Alanya Cleaning Cleaning legen wir gro\u00dfen Wert auf die Privatsph\u00e4re unserer Nutzer, die unsere Website besuchen.<\/p>\n","protected":false},"author":1,"featured_media":0,"parent":0,"menu_order":0,"comment_status":"closed","ping_status":"open","template":"","meta":{"footnotes":""},"class_list":["post-16903","page","type-page","status-publish","hentry"],"_links":{"self":[{"href":"https:\/\/alanyacleaning.com\/de\/wp-json\/wp\/v2\/pages\/16903","targetHints":{"allow":["GET"]}}],"collection":[{"href":"https:\/\/alanyacleaning.com\/de\/wp-json\/wp\/v2\/pages"}],"about":[{"href":"https:\/\/alanyacleaning.com\/de\/wp-json\/wp\/v2\/types\/page"}],"author":[{"embeddable":true,"href":"https:\/\/alanyacleaning.com\/de\/wp-json\/wp\/v2\/users\/1"}],"replies":[{"embeddable":true,"href":"https:\/\/alanyacleaning.com\/de\/wp-json\/wp\/v2\/comments?post=16903"}],"version-history":[{"count":1,"href":"https:\/\/alanyacleaning.com\/de\/wp-json\/wp\/v2\/pages\/16903\/revisions"}],"predecessor-version":[{"id":16904,"href":"https:\/\/alanyacleaning.com\/de\/wp-json\/wp\/v2\/pages\/16903\/revisions\/16904"}],"wp:attachment":[{"href":"https:\/\/alanyacleaning.com\/de\/wp-json\/wp\/v2\/media?parent=16903"}],"curies":[{"name":"wp","href":"https:\/\/api.w.org\/{rel}","templated":true}]}}